
{"id":23059,"date":"2018-06-27T15:43:15","date_gmt":"2018-06-27T13:43:15","guid":{"rendered":"https:\/\/oette-kuhn.de\/impressum\/"},"modified":"2020-10-12T15:08:37","modified_gmt":"2020-10-12T13:08:37","slug":"impressum","status":"publish","type":"page","link":"https:\/\/oette-kuhn.de\/es\/impressum\/","title":{"rendered":"Impressum"},"content":{"rendered":"<div class=\"wpb-content-wrapper\"><p>[vc_row row_type=\u00bbrow\u00bb use_row_as_full_screen_section=\u00bbno\u00bb type=\u00bbfull_width\u00bb text_align=\u00bbleft\u00bb background_animation=\u00bbnone\u00bb css_animation=\u00bb\u00bb css=\u00bb.vc_custom_1547151071893{padding-top: 30px !important;padding-bottom: 30px !important;}\u00bb][vc_column][vc_column_text]Responsable del contenido y autorizado a representar:<\/p>\n<p>&nbsp;<\/p>\n<p>Dipl. Designer Bernd Oette BA (Hons)<br \/>\nOskar-J\u00e4ger-Str. 133-135<br \/>\n50825 K\u00f6ln, Germany<\/p>\n<p>&nbsp;<\/p>\n<p>Tel +49 (0)221 469 90 92<br \/>\nmail(at)oette-kuhn.de<\/p>\n<p>&nbsp;<\/p>\n<p>VAT: DE220 381 371<\/p>\n<p>&nbsp;<\/p>\n<p>Descargo de responsabilidad: Toda la informaci\u00f3n, textos, gr\u00e1ficos, im\u00e1genes y objetos medi\u00e1ticos est\u00e1n sujetos a derechos de autor. Todas las marcas comerciales y\/o nombres de empresas utilizados est\u00e1n sujetos a los derechos de autor de las respectivas empresas o de sus propietarios. A pesar del cuidadoso control de los contenidos, no asumimos responsabilidad por los contenidos de los enlaces externos. Los operadores de las p\u00e1ginas enlazadas son los \u00fanicos responsables del contenido de sus p\u00e1ginas<\/p>\n<p>&nbsp;<\/p>\n<p>Google Analytics: Este sitio web utiliza Google Analytics, un servicio de an\u00e1lisis web de Google Inc. (\u00abGoogle\u00bb). Google Analytics utiliza las llamadas \u00abcookies\u00bb, archivos de texto que se almacenan en su ordenador y que permiten analizar el uso que usted hace del sitio web. La informaci\u00f3n generada por la cookie sobre el uso de este sitio web (incluyendo su direcci\u00f3n IP) se transfiere a un servidor de Google en los EE.UU. y se almacena all\u00ed. Google utilizar\u00e1 esta informaci\u00f3n con el fin de evaluar su uso del sitio web, recopilar informes sobre la actividad del sitio web para los operadores del mismo y prestar otros servicios relacionados con la actividad del sitio web y el uso de Internet. Google tambi\u00e9n podr\u00e1 transmitir esta informaci\u00f3n a terceros cuando as\u00ed lo exija la ley o cuando dichos terceros procesen la informaci\u00f3n en nombre de Google. Google no asociar\u00e1 su direcci\u00f3n IP con ning\u00fan otro dato del que disponga Google. Puede rechazar el uso de cookies seleccionando la configuraci\u00f3n apropiada de su navegador, sin embargo, tenga en cuenta que si lo hace es posible que no pueda utilizar toda la funcionalidad de este sitio web. Al utilizar este sitio web, usted acepta el procesamiento de los datos recopilados sobre usted por Google en la forma y para el prop\u00f3sito descritos anteriormente.<\/p>\n<p>&nbsp;<\/p>\n<p>Contradicci\u00f3n de los correos publicitarios<\/p>\n<p>Nos oponemos a la utilizaci\u00f3n de los datos de contacto publicados en el marco de la obligaci\u00f3n del pie de imprenta de enviar material publicitario e informativo no solicitado expresamente. Los operadores de este sitio web se reservan expresamente el derecho de emprender acciones legales en caso de que se env\u00ede informaci\u00f3n publicitaria no solicitada, por ejemplo mediante correos electr\u00f3nicos spam.[\/vc_column_text][\/vc_column][\/vc_row]<\/p>\n<\/div>","protected":false},"excerpt":{"rendered":"<p>[vc_row row_type=\u00bbrow\u00bb use_row_as_full_screen_section=\u00bbno\u00bb type=\u00bbfull_width\u00bb text_align=\u00bbleft\u00bb background_animation=\u00bbnone\u00bb css_animation=\u00bb\u00bb css=\u00bb.vc_custom_1547151071893{padding-top: 30px !important;padding-bottom: 30px !important;}\u00bb][vc_column][vc_column_text]Responsable del contenido y autorizado a representar: &nbsp; Dipl. Designer Bernd Oette BA (Hons) Oskar-J\u00e4ger-Str. 133-135 50825 K\u00f6ln, Germany &nbsp; Tel +49 (0)221 469 90 92 mail(at)oette-kuhn.de &nbsp; VAT: DE220 381 371 &nbsp; Descargo&#8230;<\/p>\n","protected":false},"author":1,"featured_media":0,"parent":0,"menu_order":0,"comment_status":"closed","ping_status":"closed","template":"","meta":{"footnotes":""},"class_list":["post-23059","page","type-page","status-publish","hentry"],"_links":{"self":[{"href":"https:\/\/oette-kuhn.de\/es\/wp-json\/wp\/v2\/pages\/23059","targetHints":{"allow":["GET"]}}],"collection":[{"href":"https:\/\/oette-kuhn.de\/es\/wp-json\/wp\/v2\/pages"}],"about":[{"href":"https:\/\/oette-kuhn.de\/es\/wp-json\/wp\/v2\/types\/page"}],"author":[{"embeddable":true,"href":"https:\/\/oette-kuhn.de\/es\/wp-json\/wp\/v2\/users\/1"}],"replies":[{"embeddable":true,"href":"https:\/\/oette-kuhn.de\/es\/wp-json\/wp\/v2\/comments?post=23059"}],"version-history":[{"count":2,"href":"https:\/\/oette-kuhn.de\/es\/wp-json\/wp\/v2\/pages\/23059\/revisions"}],"predecessor-version":[{"id":23213,"href":"https:\/\/oette-kuhn.de\/es\/wp-json\/wp\/v2\/pages\/23059\/revisions\/23213"}],"wp:attachment":[{"href":"https:\/\/oette-kuhn.de\/es\/wp-json\/wp\/v2\/media?parent=23059"}],"curies":[{"name":"wp","href":"https:\/\/api.w.org\/{rel}","templated":true}]}}